{"id":407,"date":"2016-12-19T11:54:12","date_gmt":"2016-12-19T11:54:12","guid":{"rendered":"http:\/\/onschedule.edge-themes.com\/?page_id=407"},"modified":"2025-12-10T20:59:32","modified_gmt":"2025-12-10T20:59:32","slug":"port","status":"publish","type":"page","link":"https:\/\/www.limearch.pl\/index.php\/portfolio-standard\/port\/","title":{"rendered":"Portfolio"},"content":{"rendered":"<div class=\"wpb-content-wrapper\"><p>[vc_row css=&#8221;.vc_custom_1493811661883{padding-right: 45px !important;padding-bottom: 100px !important;padding-left: 45px !important;}&#8221;][vc_column]<div class=\"edgtf-portfolio-list-holder edgtf-pl-masonry edgtf-pl-big-space edgtf-pl-five-columns edgtf-pl-gallery-slide-from-image-bottom edgtf-skin-light edgtf-pl-images-fixed   edgtf-pl-pag-infinite-scroll edgtf-pl-has-filter    \"  data-type=masonry data-number-of-columns=5 data-space-between-items=big data-number-of-items=-1 data-image-proportions=full data-enable-fixed-proportions=yes data-enable-image-shadow=no data-order-by=title data-order=ASC data-item-style=gallery-slide-from-image-bottom data-overlay-skin=light data-enable-title=yes data-title-tag=h6 data-enable-category=yes data-enable-count-images=yes data-enable-excerpt=no data-excerpt-length=20 data-pagination-type=infinite-scroll data-filter=yes data-filter-order-by=name data-filter-text-transform=uppercase data-enable-article-animation=no data-portfolio-slider-on=no data-enable-loop=yes data-enable-autoplay=yes data-slider-speed=5000 data-slider-speed-animation=600 data-enable-navigation=yes data-enable-pagination=yes data-max-num-pages=0 data-next-page=2>\n\t\t<div class=\"edgtf-pl-filter-holder\" >\n\t\t<div class=\"edgtf-plf-inner\">\n\t\t\t\t\t\t\t<ul style=\"text-transform: uppercase\">\n\t\t\t\t\t<li class=\"edgtf-pl-filter\" data-filter=\"\">\n\t\t\t\t\t\t<span>All<\/span>\n\t\t\t\t\t<\/li>\n\t\t\t\t\t\t\t\t\t\t\t<li class=\"edgtf-pl-filter\" data-filter=\".portfolio-category-architecture\">\n\t\t\t\t\t\t\t<span style=\"text-transform: uppercase\">Architecture<\/span>\n\t\t\t\t\t\t<\/li>\n\t\t\t\t\t\t\t\t\t\t\t<li class=\"edgtf-pl-filter\" data-filter=\".portfolio-category-commercial\">\n\t\t\t\t\t\t\t<span style=\"text-transform: uppercase\">Commercial<\/span>\n\t\t\t\t\t\t<\/li>\n\t\t\t\t\t\t\t\t\t\t\t<li class=\"edgtf-pl-filter\" data-filter=\".portfolio-category-cultural\">\n\t\t\t\t\t\t\t<span style=\"text-transform: uppercase\">Cultural<\/span>\n\t\t\t\t\t\t<\/li>\n\t\t\t\t\t\t\t\t\t\t\t<li class=\"edgtf-pl-filter\" data-filter=\".portfolio-category-interior-2\">\n\t\t\t\t\t\t\t<span style=\"text-transform: uppercase\">Interior<\/span>\n\t\t\t\t\t\t<\/li>\n\t\t\t\t\t\t\t\t\t\t\t<li class=\"edgtf-pl-filter\" data-filter=\".portfolio-category-interior-cultural\">\n\t\t\t\t\t\t\t<span style=\"text-transform: uppercase\">Interior<\/span>\n\t\t\t\t\t\t<\/li>\n\t\t\t\t\t\t\t\t\t\t\t<li class=\"edgtf-pl-filter\" data-filter=\".portfolio-category-modern-cultural\">\n\t\t\t\t\t\t\t<span style=\"text-transform: uppercase\">Modern<\/span>\n\t\t\t\t\t\t<\/li>\n\t\t\t\t\t\t\t\t\t\t\t<li class=\"edgtf-pl-filter\" data-filter=\".portfolio-category-modern\">\n\t\t\t\t\t\t\t<span style=\"text-transform: uppercase\">Modern<\/span>\n\t\t\t\t\t\t<\/li>\n\t\t\t\t\t\t\t\t\t\t\t<li class=\"edgtf-pl-filter\" data-filter=\".portfolio-category-modern-cultural-cultural\">\n\t\t\t\t\t\t\t<span style=\"text-transform: uppercase\">Modern<\/span>\n\t\t\t\t\t\t<\/li>\n\t\t\t\t\t\t\t\t\t<\/ul>\n\t\t\t\t\t<\/div>\n\t<\/div>\n\t\n\t<div class=\"edgtf-pl-inner clearfix\">\n\t\t<div class=\"edgtf-pl-grid-sizer\"><\/div>\n\t\t<div class=\"edgtf-pl-grid-gutter\"><\/div>\n\t\t\n<article class=\"edgtf-pl-item edgtf-pl-masonry-default post-10323 portfolio-item type-portfolio-item status-publish has-post-thumbnail hentry portfolio-category-architecture portfolio-category-interior-cultural\"  >\n\t<div class=\"edgtf-pl-item-inner\">\n\t\t<div class=\"edgtf-pli-image \">\n\t\t\t\t<img loading=\"lazy\" decoding=\"async\" width=\"550\" height=\"550\" src=\"https:\/\/www.limearch.pl\/wp-content\/uploads\/2025\/12\/MG_0059-Enhanced-NR-550x550.jpg\" class=\"attachment-maison_image_square size-maison_image_square wp-post-image\" alt=\"\" srcset=\"https:\/\/www.limearch.pl\/wp-content\/uploads\/2025\/12\/MG_0059-Enhanced-NR-550x550.jpg 550w, https:\/\/www.limearch.pl\/wp-content\/uploads\/2025\/12\/MG_0059-Enhanced-NR-150x150.jpg 150w\" sizes=\"auto, (max-width: 550px) 100vw, 550px\" \/>\t<\/div>\n<div class=\"edgtf-pli-text-holder\">\n\t<div class=\"edgtf-pli-text-wrapper\">\n\t\t<div class=\"edgtf-pli-text\">\n\t\t\t\t<h6 itemprop=\"name\" class=\"edgtf-pli-title entry-title\" >\n\t\tBIMs plus\t<\/h6>\n\t\t\t\n\t\t\t\t\t<div class=\"edgtf-pli-category-holder\">\n\t\t\t\t\t\t\t<a itemprop=\"url\" class=\"edgtf-pli-category\" href=\"https:\/\/www.limearch.pl\/index.php\/portfolio-category\/architecture\/\">Architecture<\/a>\n\t\t\t\t\t\t\t<a itemprop=\"url\" class=\"edgtf-pli-category\" href=\"https:\/\/www.limearch.pl\/index.php\/portfolio-category\/interior-cultural\/\">Interior<\/a>\n\t\t\t\t\t<\/div>\n\t\t\t\t\n\t\t\t\t\t<\/div>\n\t<\/div>\n<\/div>\t\t\t\n\t\t\t\t\t<a itemprop=\"url\" class=\"edgtf-pli-link edgtf-block-drag-link\" href=\"https:\/\/www.limearch.pl\/index.php\/portfolio-item\/bims-plus\/\" target=\"_self\"><\/a>\n\t\t\t<\/div>\n<\/article>\n<article class=\"edgtf-pl-item edgtf-pl-masonry-default post-10297 portfolio-item type-portfolio-item status-publish has-post-thumbnail hentry portfolio-category-architecture portfolio-category-interior-cultural\"  >\n\t<div class=\"edgtf-pl-item-inner\">\n\t\t<div class=\"edgtf-pli-image \">\n\t\t\t\t<img loading=\"lazy\" decoding=\"async\" width=\"550\" height=\"550\" src=\"https:\/\/www.limearch.pl\/wp-content\/uploads\/2025\/12\/MG_0642-550x550.jpg\" class=\"attachment-maison_image_square size-maison_image_square wp-post-image\" alt=\"\" srcset=\"https:\/\/www.limearch.pl\/wp-content\/uploads\/2025\/12\/MG_0642-550x550.jpg 550w, https:\/\/www.limearch.pl\/wp-content\/uploads\/2025\/12\/MG_0642-150x150.jpg 150w\" sizes=\"auto, (max-width: 550px) 100vw, 550px\" \/>\t<\/div>\n<div class=\"edgtf-pli-text-holder\">\n\t<div class=\"edgtf-pli-text-wrapper\">\n\t\t<div class=\"edgtf-pli-text\">\n\t\t\t\t<h6 itemprop=\"name\" class=\"edgtf-pli-title entry-title\" >\n\t\tBSH Rzesz\u00f3w\t<\/h6>\n\t\t\t\n\t\t\t\t\t<div class=\"edgtf-pli-category-holder\">\n\t\t\t\t\t\t\t<a itemprop=\"url\" class=\"edgtf-pli-category\" href=\"https:\/\/www.limearch.pl\/index.php\/portfolio-category\/architecture\/\">Architecture<\/a>\n\t\t\t\t\t\t\t<a itemprop=\"url\" class=\"edgtf-pli-category\" href=\"https:\/\/www.limearch.pl\/index.php\/portfolio-category\/interior-cultural\/\">Interior<\/a>\n\t\t\t\t\t<\/div>\n\t\t\t\t\n\t\t\t\t\t<\/div>\n\t<\/div>\n<\/div>\t\t\t\n\t\t\t\t\t<a itemprop=\"url\" class=\"edgtf-pli-link edgtf-block-drag-link\" href=\"https:\/\/www.limearch.pl\/index.php\/portfolio-item\/bshrzeszow\/\" target=\"_self\"><\/a>\n\t\t\t<\/div>\n<\/article>\n<article class=\"edgtf-pl-item edgtf-pl-masonry-default post-10295 portfolio-item type-portfolio-item status-publish has-post-thumbnail hentry portfolio-category-architecture portfolio-category-commercial portfolio-category-interior-cultural portfolio-category-interior-2 portfolio-category-modern portfolio-category-modern-cultural-cultural\"  >\n\t<div class=\"edgtf-pl-item-inner\">\n\t\t<div class=\"edgtf-pli-image \">\n\t\t\t\t<img loading=\"lazy\" decoding=\"async\" width=\"550\" height=\"550\" src=\"https:\/\/www.limearch.pl\/wp-content\/uploads\/2025\/12\/MG_0146-550x550.jpg\" class=\"attachment-maison_image_square size-maison_image_square wp-post-image\" alt=\"\" srcset=\"https:\/\/www.limearch.pl\/wp-content\/uploads\/2025\/12\/MG_0146-550x550.jpg 550w, https:\/\/www.limearch.pl\/wp-content\/uploads\/2025\/12\/MG_0146-150x150.jpg 150w\" sizes=\"auto, (max-width: 550px) 100vw, 550px\" \/>\t<\/div>\n<div class=\"edgtf-pli-text-holder\">\n\t<div class=\"edgtf-pli-text-wrapper\">\n\t\t<div class=\"edgtf-pli-text\">\n\t\t\t\t<h6 itemprop=\"name\" class=\"edgtf-pli-title entry-title\" >\n\t\tBudynek biurowy BSH \u0141\u00f3d\u017a\t<\/h6>\n\t\t\t\n\t\t\t\t\t<div class=\"edgtf-pli-category-holder\">\n\t\t\t\t\t\t\t<a itemprop=\"url\" class=\"edgtf-pli-category\" href=\"https:\/\/www.limearch.pl\/index.php\/portfolio-category\/architecture\/\">Architecture<\/a>\n\t\t\t\t\t\t\t<a itemprop=\"url\" class=\"edgtf-pli-category\" href=\"https:\/\/www.limearch.pl\/index.php\/portfolio-category\/commercial\/\">Commercial<\/a>\n\t\t\t\t\t\t\t<a itemprop=\"url\" class=\"edgtf-pli-category\" href=\"https:\/\/www.limearch.pl\/index.php\/portfolio-category\/interior-cultural\/\">Interior<\/a>\n\t\t\t\t\t\t\t<a itemprop=\"url\" class=\"edgtf-pli-category\" href=\"https:\/\/www.limearch.pl\/index.php\/portfolio-category\/interior-2\/\">Interior<\/a>\n\t\t\t\t\t\t\t<a itemprop=\"url\" class=\"edgtf-pli-category\" href=\"https:\/\/www.limearch.pl\/index.php\/portfolio-category\/modern\/\">Modern<\/a>\n\t\t\t\t\t\t\t<a itemprop=\"url\" class=\"edgtf-pli-category\" href=\"https:\/\/www.limearch.pl\/index.php\/portfolio-category\/modern-cultural-cultural\/\">Modern<\/a>\n\t\t\t\t\t<\/div>\n\t\t\t\t\n\t\t\t\t\t<\/div>\n\t<\/div>\n<\/div>\t\t\t\n\t\t\t\t\t<a itemprop=\"url\" class=\"edgtf-pli-link edgtf-block-drag-link\" href=\"https:\/\/www.limearch.pl\/index.php\/portfolio-item\/budynek-biurowy-bsh-lodz\/\" target=\"_self\"><\/a>\n\t\t\t<\/div>\n<\/article>\n<article class=\"edgtf-pl-item edgtf-pl-masonry-default post-10309 portfolio-item type-portfolio-item status-publish has-post-thumbnail hentry portfolio-category-architecture portfolio-category-interior-cultural\"  >\n\t<div class=\"edgtf-pl-item-inner\">\n\t\t<div class=\"edgtf-pli-image \">\n\t\t\t\t<img loading=\"lazy\" decoding=\"async\" width=\"550\" height=\"550\" src=\"https:\/\/www.limearch.pl\/wp-content\/uploads\/2025\/12\/20191001_192115-550x550.jpg\" class=\"attachment-maison_image_square size-maison_image_square wp-post-image\" alt=\"\" srcset=\"https:\/\/www.limearch.pl\/wp-content\/uploads\/2025\/12\/20191001_192115-550x550.jpg 550w, https:\/\/www.limearch.pl\/wp-content\/uploads\/2025\/12\/20191001_192115-150x150.jpg 150w\" sizes=\"auto, (max-width: 550px) 100vw, 550px\" \/>\t<\/div>\n<div class=\"edgtf-pli-text-holder\">\n\t<div class=\"edgtf-pli-text-wrapper\">\n\t\t<div class=\"edgtf-pli-text\">\n\t\t\t\t<h6 itemprop=\"name\" class=\"edgtf-pli-title entry-title\" >\n\t\tExpo Warsaw\t<\/h6>\n\t\t\t\n\t\t\t\t\t<div class=\"edgtf-pli-category-holder\">\n\t\t\t\t\t\t\t<a itemprop=\"url\" class=\"edgtf-pli-category\" href=\"https:\/\/www.limearch.pl\/index.php\/portfolio-category\/architecture\/\">Architecture<\/a>\n\t\t\t\t\t\t\t<a itemprop=\"url\" class=\"edgtf-pli-category\" href=\"https:\/\/www.limearch.pl\/index.php\/portfolio-category\/interior-cultural\/\">Interior<\/a>\n\t\t\t\t\t<\/div>\n\t\t\t\t\n\t\t\t\t\t<\/div>\n\t<\/div>\n<\/div>\t\t\t\n\t\t\t\t\t<a itemprop=\"url\" class=\"edgtf-pli-link edgtf-block-drag-link\" href=\"https:\/\/www.limearch.pl\/index.php\/portfolio-item\/expo-warsaw\/\" target=\"_self\"><\/a>\n\t\t\t<\/div>\n<\/article>\n<article class=\"edgtf-pl-item edgtf-pl-masonry-default post-10303 portfolio-item type-portfolio-item status-publish has-post-thumbnail hentry portfolio-category-architecture portfolio-category-interior-cultural\"  >\n\t<div class=\"edgtf-pl-item-inner\">\n\t\t<div class=\"edgtf-pli-image \">\n\t\t\t\t<img loading=\"lazy\" decoding=\"async\" width=\"550\" height=\"550\" src=\"https:\/\/www.limearch.pl\/wp-content\/uploads\/2025\/12\/MG_0702-550x550.jpg\" class=\"attachment-maison_image_square size-maison_image_square wp-post-image\" alt=\"\" srcset=\"https:\/\/www.limearch.pl\/wp-content\/uploads\/2025\/12\/MG_0702-550x550.jpg 550w, https:\/\/www.limearch.pl\/wp-content\/uploads\/2025\/12\/MG_0702-150x150.jpg 150w\" sizes=\"auto, (max-width: 550px) 100vw, 550px\" \/>\t<\/div>\n<div class=\"edgtf-pli-text-holder\">\n\t<div class=\"edgtf-pli-text-wrapper\">\n\t\t<div class=\"edgtf-pli-text\">\n\t\t\t\t<h6 itemprop=\"name\" class=\"edgtf-pli-title entry-title\" >\n\t\tLUX MED onkologia\t<\/h6>\n\t\t\t\n\t\t\t\t\t<div class=\"edgtf-pli-category-holder\">\n\t\t\t\t\t\t\t<a itemprop=\"url\" class=\"edgtf-pli-category\" href=\"https:\/\/www.limearch.pl\/index.php\/portfolio-category\/architecture\/\">Architecture<\/a>\n\t\t\t\t\t\t\t<a itemprop=\"url\" class=\"edgtf-pli-category\" href=\"https:\/\/www.limearch.pl\/index.php\/portfolio-category\/interior-cultural\/\">Interior<\/a>\n\t\t\t\t\t<\/div>\n\t\t\t\t\n\t\t\t\t\t<\/div>\n\t<\/div>\n<\/div>\t\t\t\n\t\t\t\t\t<a itemprop=\"url\" class=\"edgtf-pli-link edgtf-block-drag-link\" href=\"https:\/\/www.limearch.pl\/index.php\/portfolio-item\/lux-med-onkologia\/\" target=\"_self\"><\/a>\n\t\t\t<\/div>\n<\/article>\n<article class=\"edgtf-pl-item edgtf-pl-masonry-default post-10316 portfolio-item type-portfolio-item status-publish has-post-thumbnail hentry portfolio-category-architecture portfolio-category-interior-cultural\"  >\n\t<div class=\"edgtf-pl-item-inner\">\n\t\t<div class=\"edgtf-pli-image \">\n\t\t\t\t<img loading=\"lazy\" decoding=\"async\" width=\"550\" height=\"550\" src=\"https:\/\/www.limearch.pl\/wp-content\/uploads\/2025\/12\/MG_6601-550x550.jpg\" class=\"attachment-maison_image_square size-maison_image_square wp-post-image\" alt=\"\" srcset=\"https:\/\/www.limearch.pl\/wp-content\/uploads\/2025\/12\/MG_6601-550x550.jpg 550w, https:\/\/www.limearch.pl\/wp-content\/uploads\/2025\/12\/MG_6601-150x150.jpg 150w, https:\/\/www.limearch.pl\/wp-content\/uploads\/2025\/12\/MG_6601-1100x1100.jpg 1100w\" sizes=\"auto, (max-width: 550px) 100vw, 550px\" \/>\t<\/div>\n<div class=\"edgtf-pli-text-holder\">\n\t<div class=\"edgtf-pli-text-wrapper\">\n\t\t<div class=\"edgtf-pli-text\">\n\t\t\t\t<h6 itemprop=\"name\" class=\"edgtf-pli-title entry-title\" >\n\t\tPREMIUM space\t<\/h6>\n\t\t\t\n\t\t\t\t\t<div class=\"edgtf-pli-category-holder\">\n\t\t\t\t\t\t\t<a itemprop=\"url\" class=\"edgtf-pli-category\" href=\"https:\/\/www.limearch.pl\/index.php\/portfolio-category\/architecture\/\">Architecture<\/a>\n\t\t\t\t\t\t\t<a itemprop=\"url\" class=\"edgtf-pli-category\" href=\"https:\/\/www.limearch.pl\/index.php\/portfolio-category\/interior-cultural\/\">Interior<\/a>\n\t\t\t\t\t<\/div>\n\t\t\t\t\n\t\t\t\t\t<\/div>\n\t<\/div>\n<\/div>\t\t\t\n\t\t\t\t\t<a itemprop=\"url\" class=\"edgtf-pli-link edgtf-block-drag-link\" href=\"https:\/\/www.limearch.pl\/index.php\/portfolio-item\/premium-space\/\" target=\"_self\"><\/a>\n\t\t\t<\/div>\n<\/article>\n<article class=\"edgtf-pl-item edgtf-pl-masonry-default post-10306 portfolio-item type-portfolio-item status-publish has-post-thumbnail hentry portfolio-category-architecture portfolio-category-cultural portfolio-category-interior-cultural\"  >\n\t<div class=\"edgtf-pl-item-inner\">\n\t\t<div class=\"edgtf-pli-image \">\n\t\t\t\t<img loading=\"lazy\" decoding=\"async\" width=\"550\" height=\"550\" src=\"https:\/\/www.limearch.pl\/wp-content\/uploads\/2025\/12\/MG_0708_FB-550x550.jpg\" class=\"attachment-maison_image_square size-maison_image_square wp-post-image\" alt=\"\" srcset=\"https:\/\/www.limearch.pl\/wp-content\/uploads\/2025\/12\/MG_0708_FB-550x550.jpg 550w, https:\/\/www.limearch.pl\/wp-content\/uploads\/2025\/12\/MG_0708_FB-150x150.jpg 150w\" sizes=\"auto, (max-width: 550px) 100vw, 550px\" \/>\t<\/div>\n<div class=\"edgtf-pli-text-holder\">\n\t<div class=\"edgtf-pli-text-wrapper\">\n\t\t<div class=\"edgtf-pli-text\">\n\t\t\t\t<h6 itemprop=\"name\" class=\"edgtf-pli-title entry-title\" >\n\t\tTRATE\t<\/h6>\n\t\t\t\n\t\t\t\t\t<div class=\"edgtf-pli-category-holder\">\n\t\t\t\t\t\t\t<a itemprop=\"url\" class=\"edgtf-pli-category\" href=\"https:\/\/www.limearch.pl\/index.php\/portfolio-category\/architecture\/\">Architecture<\/a>\n\t\t\t\t\t\t\t<a itemprop=\"url\" class=\"edgtf-pli-category\" href=\"https:\/\/www.limearch.pl\/index.php\/portfolio-category\/cultural\/\">Cultural<\/a>\n\t\t\t\t\t\t\t<a itemprop=\"url\" class=\"edgtf-pli-category\" href=\"https:\/\/www.limearch.pl\/index.php\/portfolio-category\/interior-cultural\/\">Interior<\/a>\n\t\t\t\t\t<\/div>\n\t\t\t\t\n\t\t\t\t\t<\/div>\n\t<\/div>\n<\/div>\t\t\t\n\t\t\t\t\t<a itemprop=\"url\" class=\"edgtf-pli-link edgtf-block-drag-link\" href=\"https:\/\/www.limearch.pl\/index.php\/portfolio-item\/trate\/\" target=\"_self\"><\/a>\n\t\t\t<\/div>\n<\/article>\n<article class=\"edgtf-pl-item edgtf-pl-masonry-default post-10321 portfolio-item type-portfolio-item status-publish has-post-thumbnail hentry portfolio-category-architecture portfolio-category-interior-cultural portfolio-category-modern-cultural\"  >\n\t<div class=\"edgtf-pl-item-inner\">\n\t\t<div class=\"edgtf-pli-image \">\n\t\t\t\t<img loading=\"lazy\" decoding=\"async\" width=\"550\" height=\"550\" src=\"https:\/\/www.limearch.pl\/wp-content\/uploads\/2025\/12\/MG_8137-550x550.jpg\" class=\"attachment-maison_image_square size-maison_image_square wp-post-image\" alt=\"\" srcset=\"https:\/\/www.limearch.pl\/wp-content\/uploads\/2025\/12\/MG_8137-550x550.jpg 550w, https:\/\/www.limearch.pl\/wp-content\/uploads\/2025\/12\/MG_8137-150x150.jpg 150w\" sizes=\"auto, (max-width: 550px) 100vw, 550px\" \/>\t<\/div>\n<div class=\"edgtf-pli-text-holder\">\n\t<div class=\"edgtf-pli-text-wrapper\">\n\t\t<div class=\"edgtf-pli-text\">\n\t\t\t\t<h6 itemprop=\"name\" class=\"edgtf-pli-title entry-title\" >\n\t\tUPL OpenAg\t<\/h6>\n\t\t\t\n\t\t\t\t\t<div class=\"edgtf-pli-category-holder\">\n\t\t\t\t\t\t\t<a itemprop=\"url\" class=\"edgtf-pli-category\" href=\"https:\/\/www.limearch.pl\/index.php\/portfolio-category\/architecture\/\">Architecture<\/a>\n\t\t\t\t\t\t\t<a itemprop=\"url\" class=\"edgtf-pli-category\" href=\"https:\/\/www.limearch.pl\/index.php\/portfolio-category\/interior-cultural\/\">Interior<\/a>\n\t\t\t\t\t\t\t<a itemprop=\"url\" class=\"edgtf-pli-category\" href=\"https:\/\/www.limearch.pl\/index.php\/portfolio-category\/modern-cultural\/\">Modern<\/a>\n\t\t\t\t\t<\/div>\n\t\t\t\t\n\t\t\t\t\t<\/div>\n\t<\/div>\n<\/div>\t\t\t\n\t\t\t\t\t<a itemprop=\"url\" class=\"edgtf-pli-link edgtf-block-drag-link\" href=\"https:\/\/www.limearch.pl\/index.php\/portfolio-item\/upl-openag\/\" target=\"_self\"><\/a>\n\t\t\t<\/div>\n<\/article>\t<\/div>\n\t\n\t<\/div>[\/vc_column][\/vc_row]<\/p>\n<\/div>","protected":false},"excerpt":{"rendered":"<p>[vc_row css=&#8221;.vc_custom_1493811661883{padding-right: 45px !important;padding-bottom: 100px !important;padding-left: 45px !important;}&#8221;][vc_column][\/vc_column][\/vc_row]<\/p>\n","protected":false},"author":1,"featured_media":0,"parent":139,"menu_order":0,"comment_status":"closed","ping_status":"closed","template":"full-width.php","meta":{"footnotes":""},"class_list":["post-407","page","type-page","status-publish","hentry"],"_links":{"self":[{"href":"https:\/\/www.limearch.pl\/index.php\/wp-json\/wp\/v2\/pages\/407","targetHints":{"allow":["GET"]}}],"collection":[{"href":"https:\/\/www.limearch.pl\/index.php\/wp-json\/wp\/v2\/pages"}],"about":[{"href":"https:\/\/www.limearch.pl\/index.php\/wp-json\/wp\/v2\/types\/page"}],"author":[{"embeddable":true,"href":"https:\/\/www.limearch.pl\/index.php\/wp-json\/wp\/v2\/users\/1"}],"replies":[{"embeddable":true,"href":"https:\/\/www.limearch.pl\/index.php\/wp-json\/wp\/v2\/comments?post=407"}],"version-history":[{"count":8,"href":"https:\/\/www.limearch.pl\/index.php\/wp-json\/wp\/v2\/pages\/407\/revisions"}],"predecessor-version":[{"id":10319,"href":"https:\/\/www.limearch.pl\/index.php\/wp-json\/wp\/v2\/pages\/407\/revisions\/10319"}],"up":[{"embeddable":true,"href":"https:\/\/www.limearch.pl\/index.php\/wp-json\/wp\/v2\/pages\/139"}],"wp:attachment":[{"href":"https:\/\/www.limearch.pl\/index.php\/wp-json\/wp\/v2\/media?parent=407"}],"curies":[{"name":"wp","href":"https:\/\/api.w.org\/{rel}","templated":true}]}}