{"id":7182,"date":"2017-04-03T14:30:29","date_gmt":"2017-04-03T14:30:29","guid":{"rendered":"http:\/\/maison.edge-themes.com\/?page_id=7182"},"modified":"2025-12-11T10:04:48","modified_gmt":"2025-12-11T10:04:48","slug":"fullscreen-showcase","status":"publish","type":"page","link":"https:\/\/www.limearch.pl\/","title":{"rendered":"Home"},"content":{"rendered":"<div class=\"wpb-content-wrapper\"><p>[vc_row][vc_column]<div class=\"edgtf-full-screen-sections \" data-enable-navigation=\"no\" data-enable-pagination=\"yes\">\n\t<div class=\"edgtf-fss-wrapper\">\n\t\t<div class=\"edgtf-fss-item edgtf-fss-custom-103629 edgtf-fss-item-va-middle edgtf-fss-item-ha-center  \" data-item-class=\"edgtf-fss-custom-103629\" style=\"background-image: url(https:\/\/www.limearch.pl\/wp-content\/uploads\/2025\/12\/MG_9741.jpg);background-size:cover\">\n\t<div class=\"edgtf-fss-item-inner\" style=\"padding: 0% 10%\">\n\t\t<h2 class=\"edgtf-custom-font-holder  edgtf-cf-5752\" style=\"font-family: Poppins;font-size: 100px;line-height: 125px;font-weight: 600;letter-spacing: 0.1em;text-transform: uppercase;text-align: center;color: #ffffff\" data-item-class=\"edgtf-cf-5752\" data-font-size=\"100\" data-line-height=\"125\" data-font-size-1280=\"84px\" data-font-size-1024=\"68px\" data-font-size-768=\"68px\" data-font-size-680=\"36px\" data-line-height-1280=\"120px\" data-line-height-1024=\"100px\" data-line-height-768=\"100px\" data-line-height-680=\"50px\">\n\tBiurowiec BIMs - przestrze\u0144, kt\u00f3ra inspiruje<\/h2><div class=\"edgtf-section-title-holder edgtf-st-standard edgtf-st-title-left edgtf-st-normal-space \" style=\"padding: 0 20%;text-align: center\">\n\t<div class=\"edgtf-st-inner\">\n\t\t\t\t\t\t\t<p class=\"edgtf-st-text\" style=\"color: #ffffff;font-size: 18px;line-height: 34px;margin-top: 5px\">\n\t\t\t\tWejd\u017a do \u015bwiata nowoczesnego designu i funkcjonalno\u015bci. Biurowiec firmy Bims w Radzyminie pod Warszaw\u0105 to miejsce stworzone z my\u015bl\u0105 o komforcie i efektywno\u015bci pracy.\t\t\t<\/p>\n\t\t\t<\/div>\n<\/div>[vc_empty_space height=&#8221;40px&#8221;]<a itemprop=\"url\" href=\"https:\/\/www.limearch.pl\/index.php\/portfolio-item\/bims\/\" target=\"_self\" style=\"color: #333333;background-color: #ffffff;border-color: #ffffff;padding: 16px 35px\" class=\"edgtf-btn edgtf-btn-medium edgtf-btn-solid edgtf-btn-custom-hover-bg edgtf-btn-custom-border-hover\" data-hover-bg-color=\"#181818\" data-hover-border-color=\"#181818\" >\n    <span class=\"edgtf-btn-text\">BIMs plus<\/span>\n    <\/a>\t<\/div>\n\t<\/div><div class=\"edgtf-fss-item edgtf-fss-custom-826278 edgtf-fss-item-va-middle edgtf-fss-item-ha-center  \" data-item-class=\"edgtf-fss-custom-826278\" style=\"background-image: url(https:\/\/www.limearch.pl\/wp-content\/uploads\/2025\/12\/MG_8336.jpg);background-size:cover\">\n\t<div class=\"edgtf-fss-item-inner\" style=\"padding: 0% 10%\">\n\t\t<h2 class=\"edgtf-custom-font-holder  edgtf-cf-5233\" style=\"font-family: Poppins;font-size: 100px;line-height: 125px;font-weight: 600;letter-spacing: 0.1em;text-transform: uppercase;text-align: center;color: #ffffff\" data-item-class=\"edgtf-cf-5233\" data-font-size=\"100\" data-line-height=\"125\" data-font-size-1280=\"84px\" data-font-size-1024=\"68px\" data-font-size-768=\"68px\" data-font-size-680=\"38px\" data-line-height-1280=\"120px\" data-line-height-1024=\"100px\" data-line-height-768=\"100px\" data-line-height-680=\"50px\">\n\tprzestrze\u0144 otwarta na wsp\u00f3\u0142prac\u0119<\/h2><div class=\"edgtf-section-title-holder edgtf-st-standard edgtf-st-title-left edgtf-st-normal-space \" style=\"padding: 0 20%;text-align: center\">\n\t<div class=\"edgtf-st-inner\">\n\t\t\t\t\t\t\t<p class=\"edgtf-st-text\" style=\"color: #ffffff;font-size: 18px;line-height: 34px;margin-top: 5px\">\n\t\t\t\tTo globalna sie\u0107 rolnicza skoncentrowana na tworzeniu i dostarczaniu zr\u00f3wnowa\u017conych rozwi\u0105za\u0144 w sektorze produkcji rolnej. Dzia\u0142a globalnie w ponad 130 krajach.\t\t\t<\/p>\n\t\t\t<\/div>\n<\/div>[vc_empty_space height=&#8221;40px&#8221;]<a itemprop=\"url\" href=\"https:\/\/www.limearch.pl\/index.php\/portfolio-item\/upl-openag\/\" target=\"_self\" style=\"color: #333333;background-color: #ffffff;border-color: #ffffff;padding: 16px 35px\" class=\"edgtf-btn edgtf-btn-medium edgtf-btn-solid edgtf-btn-custom-hover-bg edgtf-btn-custom-border-hover\" data-hover-bg-color=\"#181818\" data-hover-border-color=\"#181818\" >\n    <span class=\"edgtf-btn-text\">UPL OpenAg<\/span>\n    <\/a>\t<\/div>\n\t<\/div><div class=\"edgtf-fss-item edgtf-fss-custom-882233 edgtf-fss-item-va-middle edgtf-fss-item-ha-center  \" data-item-class=\"edgtf-fss-custom-882233\" style=\"background-image: url(https:\/\/www.limearch.pl\/wp-content\/uploads\/2025\/12\/MG_0146.jpg);background-size:cover\">\n\t<div class=\"edgtf-fss-item-inner\" style=\"padding: 0% 10%\">\n\t\t<h2 class=\"edgtf-custom-font-holder  edgtf-cf-5873\" style=\"font-family: Poppins;font-size: 100px;line-height: 125px;font-weight: 600;letter-spacing: 0.1em;text-transform: uppercase;text-align: center;color: #ffffff\" data-item-class=\"edgtf-cf-5873\" data-font-size=\"100\" data-line-height=\"125\" data-font-size-1280=\"84px\" data-font-size-1024=\"68px\" data-font-size-768=\"68px\" data-font-size-680=\"38px\" data-line-height-1280=\"120px\" data-line-height-1024=\"100px\" data-line-height-768=\"100px\" data-line-height-680=\"50px\">\n\tmiejsce, gdzie logistyka nabiera nowego wymiaru<\/h2><div class=\"edgtf-section-title-holder edgtf-st-standard edgtf-st-title-left edgtf-st-normal-space \" style=\"padding: 0 20%;text-align: center\">\n\t<div class=\"edgtf-st-inner\">\n\t\t\t\t\t\t\t<p class=\"edgtf-st-text\" style=\"color: #ffffff;font-size: 18px;line-height: 34px;margin-top: 5px\">\n\t\t\t\tBudynek biurowy firmy BSH przy ulicy J\u0119drzejowskiej w \u0141odzi wchodzi w sk\u0142ad Centrum Logistycznego, inwestycji o powierzchni 79 tys. m2. Centrum wyposa\u017cone jest we w\u0142asn\u0105 bocznic\u0119 kolejow\u0105.\t\t\t<\/p>\n\t\t\t<\/div>\n<\/div>[vc_empty_space height=&#8221;40px&#8221;]<a itemprop=\"url\" href=\"https:\/\/www.limearch.pl\/index.php\/portfolio-item\/budynek-biurowy-bsh-lodz\/\" target=\"_self\" style=\"color: #333333;background-color: #ffffff;border-color: #ffffff\" class=\"edgtf-btn edgtf-btn-medium edgtf-btn-solid edgtf-btn-custom-hover-bg edgtf-btn-custom-border-hover\" data-hover-bg-color=\"#181818\" data-hover-border-color=\"#181818\" >\n    <span class=\"edgtf-btn-text\">BSH \u0141\u00f3d\u017a<\/span>\n    <\/a>\t<\/div>\n\t<\/div><div class=\"edgtf-fss-item edgtf-fss-custom-936187 edgtf-fss-item-va-middle edgtf-fss-item-ha-center  \" data-item-class=\"edgtf-fss-custom-936187\" style=\"background-image: url(https:\/\/www.limearch.pl\/wp-content\/uploads\/2025\/12\/MG_0642.jpg);background-size:cover\">\n\t<div class=\"edgtf-fss-item-inner\" style=\"padding: 0% 10%\">\n\t\t<h2 class=\"edgtf-custom-font-holder  edgtf-cf-9131\" style=\"font-family: Poppins;font-size: 100px;line-height: 125px;font-weight: 600;letter-spacing: 0.1em;text-transform: uppercase;text-align: center;color: #ffffff\" data-item-class=\"edgtf-cf-9131\" data-font-size=\"100\" data-line-height=\"125\" data-font-size-1280=\"84px\" data-font-size-1024=\"68px\" data-font-size-768=\"68px\" data-font-size-680=\"38px\" data-line-height-1280=\"120px\" data-line-height-1024=\"100px\" data-line-height-768=\"100px\" data-line-height-680=\"50px\">\n\tPoznaj urz\u0105dzenia, kt\u00f3re upraszczaj\u0105 codzienno\u015b\u0107...<\/h2><div class=\"edgtf-section-title-holder edgtf-st-standard edgtf-st-title-left edgtf-st-normal-space \" style=\"padding: 0 20%;text-align: center\">\n\t<div class=\"edgtf-st-inner\">\n\t\t\t\t\t\t\t<p class=\"edgtf-st-text\" style=\"color: #ffffff;font-size: 18px;line-height: 34px;margin-top: 5px\">\n\t\t\t\tShowroom i serwis przy ul. Genera\u0142a Mariana Langiewicza 18 w Rzeszowie to miejsce, w kt\u00f3rym klienci mog\u0105 w jednym punkcie zapozna\u0107 si\u0119 z urz\u0105dzeniami AGD oraz skorzysta\u0107 z profesjonalnego wsparcia serwisowego.\t\t\t<\/p>\n\t\t\t<\/div>\n<\/div>[vc_empty_space height=&#8221;40px&#8221;]<a itemprop=\"url\" href=\"https:\/\/www.limearch.pl\/index.php\/portfolio-item\/bshrzeszow\/\" target=\"_self\" style=\"color: #333333;background-color: #ffffff;border-color: #ffffff;padding: 16px 35px\" class=\"edgtf-btn edgtf-btn-medium edgtf-btn-solid edgtf-btn-custom-hover-bg edgtf-btn-custom-border-hover\" data-hover-bg-color=\"#181818\" data-hover-border-color=\"#181818\" >\n    <span class=\"edgtf-btn-text\">BSH Rzesz\u00f3w<\/span>\n    <\/a>\t<\/div>\n\t<\/div><div class=\"edgtf-fss-item edgtf-fss-custom-743190 edgtf-fss-item-va-middle edgtf-fss-item-ha-center  \" data-item-class=\"edgtf-fss-custom-743190\" style=\"background-image: url(https:\/\/www.limearch.pl\/wp-content\/uploads\/2025\/12\/MG_0680.jpg);background-size:cover\">\n\t<div class=\"edgtf-fss-item-inner\" style=\"padding: 0% 10%\">\n\t\t<h2 class=\"edgtf-custom-font-holder  edgtf-cf-4971\" style=\"font-family: Poppins;font-size: 100px;line-height: 125px;font-weight: 600;letter-spacing: 0.1em;text-transform: uppercase;text-align: center;color: #ffffff\" data-item-class=\"edgtf-cf-4971\" data-font-size=\"100\" data-line-height=\"125\" data-font-size-1280=\"84px\" data-font-size-1024=\"68px\" data-font-size-768=\"68px\" data-font-size-680=\"38px\" data-line-height-1280=\"120px\" data-line-height-1024=\"100px\" data-line-height-768=\"100px\" data-line-height-680=\"50px\">\n\tKa\u017cdy detal zaplanowany z my\u015bl\u0105 o komforcie pacjenta<\/h2><div class=\"edgtf-section-title-holder edgtf-st-standard edgtf-st-title-left edgtf-st-normal-space \" style=\"padding: 0 20%;text-align: center\">\n\t<div class=\"edgtf-st-inner\">\n\t\t\t\t\t\t\t<p class=\"edgtf-st-text\" style=\"color: #ffffff;font-size: 18px;line-height: 34px;margin-top: 5px\">\n\t\t\t\tLUX MED Onkologia to szpital onkologiczny na ul. Szamockiej 6 w Warszawie. To jedna z najnowocze\u015bniejszych plac\u00f3wek lecz\u0105cych nowotwory w Polsce, kt\u00f3ra funkcjonuje na czterech kondygnacjach\t\t\t<\/p>\n\t\t\t<\/div>\n<\/div>[vc_empty_space height=&#8221;40px&#8221;]<a itemprop=\"url\" href=\"https:\/\/www.limearch.pl\/index.php\/portfolio-item\/lux-med-onkologia\/\" target=\"_self\" style=\"color: #333333;background-color: #ffffff;border-color: #ffffff;padding: 16px 35px\" class=\"edgtf-btn edgtf-btn-medium edgtf-btn-solid edgtf-btn-custom-hover-bg edgtf-btn-custom-border-hover\" data-hover-bg-color=\"#181818\" data-hover-border-color=\"#181818\" >\n    <span class=\"edgtf-btn-text\">LUX MED<\/span>\n    <\/a>\t<\/div>\n\t<\/div><div class=\"edgtf-fss-item edgtf-fss-custom-955879 edgtf-fss-item-va-middle edgtf-fss-item-ha-center  \" data-item-class=\"edgtf-fss-custom-955879\" style=\"background-image: url(https:\/\/www.limearch.pl\/wp-content\/uploads\/2025\/12\/MG_0708_FB.jpg);background-size:cover\">\n\t<div class=\"edgtf-fss-item-inner\" style=\"padding: 0% 10%\">\n\t\t<h2 class=\"edgtf-custom-font-holder  edgtf-cf-8798\" style=\"font-family: Poppins;font-size: 100px;line-height: 125px;font-weight: 600;letter-spacing: 0.1em;text-transform: uppercase;text-align: center;color: #ffffff\" data-item-class=\"edgtf-cf-8798\" data-font-size=\"100\" data-line-height=\"125\" data-font-size-1280=\"84px\" data-font-size-1024=\"68px\" data-font-size-768=\"68px\" data-font-size-680=\"38px\" data-line-height-1280=\"120px\" data-line-height-1024=\"100px\" data-line-height-768=\"100px\" data-line-height-680=\"50px\">\n\tJako\u015b\u0107, funkcjonalno\u015b\u0107 i nauka<\/h2><div class=\"edgtf-section-title-holder edgtf-st-standard edgtf-st-title-left edgtf-st-normal-space \" style=\"padding: 0 20%;text-align: center\">\n\t<div class=\"edgtf-st-inner\">\n\t\t\t\t\t\t\t<p class=\"edgtf-st-text\" style=\"color: #ffffff;font-size: 18px;line-height: 34px;margin-top: 5px\">\n\t\t\t\tTRATE Dental Implants to mi\u0119dzynarodowa marka specjalizuj\u0105ca si\u0119 w implantologii stomatologicznej, znana z systemu Roott \u2014 rozwi\u0105za\u0144, kt\u00f3re \u0142\u0105cz\u0105 precyzj\u0119 kliniczn\u0105, bezpiecze\u0144stwo i wysoki komfort pacjenta.\t\t\t<\/p>\n\t\t\t<\/div>\n<\/div>[vc_empty_space height=&#8221;40px&#8221;]<a itemprop=\"url\" href=\"https:\/\/www.limearch.pl\/index.php\/portfolio-item\/trate\/\" target=\"_self\" style=\"color: #333333;background-color: #ffffff;border-color: #ffffff;padding: 16px 35px\" class=\"edgtf-btn edgtf-btn-medium edgtf-btn-solid edgtf-btn-custom-hover-bg edgtf-btn-custom-border-hover\" data-hover-bg-color=\"#181818\" data-hover-border-color=\"#181818\" >\n    <span class=\"edgtf-btn-text\">TRATE Dental Implants<\/span>\n    <\/a>\t<\/div>\n\t<\/div><div class=\"edgtf-fss-item edgtf-fss-custom-281467 edgtf-fss-item-va-middle edgtf-fss-item-ha-center  \" data-item-class=\"edgtf-fss-custom-281467\" style=\"background-image: url(https:\/\/www.limearch.pl\/wp-content\/uploads\/2025\/12\/20191001_192115.jpg);background-size:cover\">\n\t<div class=\"edgtf-fss-item-inner\" style=\"padding: 0% 10%\">\n\t\t<h2 class=\"edgtf-custom-font-holder  edgtf-cf-3740\" style=\"font-family: Poppins;font-size: 100px;line-height: 125px;font-weight: 600;letter-spacing: 0.1em;text-transform: uppercase;text-align: center;color: #ffffff\" data-item-class=\"edgtf-cf-3740\" data-font-size=\"100\" data-line-height=\"125\" data-font-size-1280=\"84px\" data-font-size-1024=\"68px\" data-font-size-768=\"68px\" data-font-size-680=\"38px\" data-line-height-1280=\"120px\" data-line-height-1024=\"100px\" data-line-height-768=\"100px\" data-line-height-680=\"50px\">\n\ttu rodz\u0105 si\u0119 trendy, tu powstaj\u0105 kontakty<\/h2><div class=\"edgtf-section-title-holder edgtf-st-standard edgtf-st-title-left edgtf-st-normal-space \" style=\"padding: 0 20%;text-align: center\">\n\t<div class=\"edgtf-st-inner\">\n\t\t\t\t\t\t\t<p class=\"edgtf-st-text\" style=\"color: #ffffff;font-size: 18px;line-height: 34px;margin-top: 5px\">\n\t\t\t\tExpo Warsaw to targowe wydarzenie bran\u017cowe po\u015bwi\u0119cone szeroko rozumianemu wzornictwu, wyposa\u017ceniu wn\u0119trz i nowoczesnym rozwi\u0105zaniom aran\u017cacyjnym.\t\t\t<\/p>\n\t\t\t<\/div>\n<\/div>[vc_empty_space height=&#8221;40px&#8221;]<a itemprop=\"url\" href=\"https:\/\/www.limearch.pl\/index.php\/portfolio-item\/expo-warsaw\/\" target=\"_self\" style=\"color: #333333;background-color: #ffffff;border-color: #ffffff;padding: 16px 35px\" class=\"edgtf-btn edgtf-btn-medium edgtf-btn-solid edgtf-btn-custom-hover-bg edgtf-btn-custom-border-hover\" data-hover-bg-color=\"#181818\" data-hover-border-color=\"#181818\" >\n    <span class=\"edgtf-btn-text\">Expo<\/span>\n    <\/a>\t<\/div>\n\t<\/div><div class=\"edgtf-fss-item edgtf-fss-custom-689715 edgtf-fss-item-va-middle edgtf-fss-item-ha-center  \" data-item-class=\"edgtf-fss-custom-689715\" style=\"background-image: url(https:\/\/www.limearch.pl\/wp-content\/uploads\/2025\/12\/MG_6667.jpg);background-size:cover\">\n\t<div class=\"edgtf-fss-item-inner\" style=\"padding: 0% 10%\">\n\t\t<h2 class=\"edgtf-custom-font-holder  edgtf-cf-3681\" style=\"font-family: Poppins;font-size: 100px;line-height: 125px;font-weight: 600;letter-spacing: 0.1em;text-transform: uppercase;text-align: center;color: #ffffff\" data-item-class=\"edgtf-cf-3681\" data-font-size=\"100\" data-line-height=\"125\" data-font-size-1280=\"84px\" data-font-size-1024=\"68px\" data-font-size-768=\"68px\" data-font-size-680=\"38px\" data-line-height-1280=\"120px\" data-line-height-1024=\"100px\" data-line-height-768=\"100px\" data-line-height-680=\"50px\">\n\tprzestrze\u0144, w kt\u00f3rej luksus spotyka doskona\u0142o\u015b\u0107<\/h2><div class=\"edgtf-section-title-holder edgtf-st-standard edgtf-st-title-left edgtf-st-normal-space \" style=\"padding: 0 20%;text-align: center\">\n\t<div class=\"edgtf-st-inner\">\n\t\t\t\t\t\t\t<p class=\"edgtf-st-text\" style=\"color: #ffffff;font-size: 18px;line-height: 34px;margin-top: 5px\">\n\t\t\t\tProjekt apartamentu na wynajem w standardzie \u201epremium space\u201d. Apartamenty Premium Space na wynajem to mieszkania o podwy\u017cszonym standardzie, oferowane w formule komfortowego i bezproblemowego najmu.\t\t\t<\/p>\n\t\t\t<\/div>\n<\/div>[vc_empty_space height=&#8221;40px&#8221;]<a itemprop=\"url\" href=\"https:\/\/www.limearch.pl\/index.php\/portfolio-item\/premium-space\/\" target=\"_self\" style=\"color: #333333;background-color: #ffffff;border-color: #ffffff;padding: 16px 35px\" class=\"edgtf-btn edgtf-btn-medium edgtf-btn-solid edgtf-btn-custom-hover-bg edgtf-btn-custom-border-hover\" data-hover-bg-color=\"#181818\" data-hover-border-color=\"#181818\" >\n    <span class=\"edgtf-btn-text\">PREMIUM SPACE<\/span>\n    <\/a>\t<\/div>\n\t<\/div><div class=\"edgtf-fss-item edgtf-fss-custom-824270 edgtf-fss-item-va-middle edgtf-fss-item-ha-center  \" data-item-class=\"edgtf-fss-custom-824270\" style=\"background-image: url(https:\/\/www.limearch.pl\/wp-content\/uploads\/2025\/12\/r004.jpg);background-size:cover\">\n\t<div class=\"edgtf-fss-item-inner\" style=\"padding: 0% 10%\">\n\t\t<h2 class=\"edgtf-custom-font-holder  edgtf-cf-1740\" style=\"font-family: Poppins;font-size: 100px;line-height: 125px;font-weight: 600;letter-spacing: 0.1em;text-transform: uppercase;text-align: center;color: #ffffff\" data-item-class=\"edgtf-cf-1740\" data-font-size=\"100\" data-line-height=\"125\" data-font-size-1280=\"84px\" data-font-size-1024=\"68px\" data-font-size-768=\"68px\" data-font-size-680=\"38px\" data-line-height-1280=\"120px\" data-line-height-1024=\"100px\" data-line-height-768=\"100px\" data-line-height-680=\"50px\">\n\tgdzie luksus jest cz\u0119\u015bci\u0105 do\u015bwiadczenia<\/h2><div class=\"edgtf-section-title-holder edgtf-st-standard edgtf-st-title-left edgtf-st-normal-space \" style=\"padding: 0 20%;text-align: center\">\n\t<div class=\"edgtf-st-inner\">\n\t\t\t\t\t\t\t<p class=\"edgtf-st-text\" style=\"color: #ffffff;font-size: 18px;line-height: 34px;margin-top: 5px\">\n\t\t\t\tApartamenty w najwy\u017cszym standardzie i nietuzinkowym design'ie. Komfort i \u0142ad w przestrzeni oferowanej go\u015bciom, nadaje ekskluzywno\u015bci ca\u0142emu do\u015bwiadczeniu\t\t\t<\/p>\n\t\t\t<\/div>\n<\/div>[vc_empty_space height=&#8221;40px&#8221;]<a itemprop=\"url\" href=\"#\" target=\"_self\" style=\"color: #333333;background-color: #ffffff;border-color: #ffffff;padding: 16px 35px\" class=\"edgtf-btn edgtf-btn-medium edgtf-btn-solid edgtf-btn-custom-hover-bg edgtf-btn-custom-border-hover\" data-hover-bg-color=\"#181818\" data-hover-border-color=\"#181818\" >\n    <span class=\"edgtf-btn-text\">HOTEL concept<\/span>\n    <\/a>\t<\/div>\n\t<\/div>\t<\/div>\n\t<\/div>[\/vc_column][\/vc_row]<\/p>\n<\/div>","protected":false},"excerpt":{"rendered":"<p>[vc_row][vc_column][\/vc_column][\/vc_row]<\/p>\n","protected":false},"author":1,"featured_media":0,"parent":0,"menu_order":0,"comment_status":"closed","ping_status":"closed","template":"full-width.php","meta":{"footnotes":""},"class_list":["post-7182","page","type-page","status-publish","hentry"],"_links":{"self":[{"href":"https:\/\/www.limearch.pl\/index.php\/wp-json\/wp\/v2\/pages\/7182","targetHints":{"allow":["GET"]}}],"collection":[{"href":"https:\/\/www.limearch.pl\/index.php\/wp-json\/wp\/v2\/pages"}],"about":[{"href":"https:\/\/www.limearch.pl\/index.php\/wp-json\/wp\/v2\/types\/page"}],"author":[{"embeddable":true,"href":"https:\/\/www.limearch.pl\/index.php\/wp-json\/wp\/v2\/users\/1"}],"replies":[{"embeddable":true,"href":"https:\/\/www.limearch.pl\/index.php\/wp-json\/wp\/v2\/comments?post=7182"}],"version-history":[{"count":15,"href":"https:\/\/www.limearch.pl\/index.php\/wp-json\/wp\/v2\/pages\/7182\/revisions"}],"predecessor-version":[{"id":10095,"href":"https:\/\/www.limearch.pl\/index.php\/wp-json\/wp\/v2\/pages\/7182\/revisions\/10095"}],"wp:attachment":[{"href":"https:\/\/www.limearch.pl\/index.php\/wp-json\/wp\/v2\/media?parent=7182"}],"curies":[{"name":"wp","href":"https:\/\/api.w.org\/{rel}","templated":true}]}}