{"id":7824,"date":"2017-04-10T11:03:24","date_gmt":"2017-04-10T11:03:24","guid":{"rendered":"http:\/\/maison.edge-themes.com\/?page_id=7824"},"modified":"2025-12-03T11:12:24","modified_gmt":"2025-12-03T11:12:24","slug":"about-me","status":"publish","type":"page","link":"https:\/\/www.limearch.pl\/index.php\/about-me\/","title":{"rendered":"O nas"},"content":{"rendered":"<div class=\"wpb-content-wrapper\"><p>[vc_row gap=&#8221;15&#8243; row_content_width=&#8221;grid&#8221; content_text_aligment=&#8221;left&#8221; css=&#8221;.vc_custom_1492509993885{padding-top: 86px !important;}&#8221;][vc_column offset=&#8221;vc_col-lg-6 vc_col-md-12&#8243;][vc_column_text css=&#8221;&#8221;]<\/p>\n<h3>Pracownia projektowa<\/h3>\n<p>[\/vc_column_text][vc_empty_space height=&#8221;10px&#8221;]<div class=\"edgtf-elements-holder edgtf-one-column edgtf-responsive-mode-768 edgtf-one-column-alignment-left\" ><div class=\"edgtf-eh-item \"  data-item-class=\"edgtf-eh-custom-388507\" data-1280-1600=\"0 0 0 0\" data-1024-1280=\"0 0 0 0\" data-768-1024=\"0 1% 0 0\" data-600-768=\"0 0 0 0\" data-480-600=\"0 0 0 0\" data-480=\"0 2% 0 0\">\n\t<div class=\"edgtf-eh-item-inner\">\n\t\t<div class=\"edgtf-eh-item-content edgtf-eh-custom-388507\" style=\"padding: 0 10% 0 0\">\n\t\t\t[vc_column_text css=&#8221;&#8221;]W swojej pracy stawiamy na kompleksowe podej\u015bcie \u2013 od pierwszego kontaktu z klientem i analizy potrzeb, poprzez tworzenie fotorealistycznych wizualizacji i pe\u0142nej dokumentacji technicznej, a\u017c po nadzory autorskie i odbiory budowlane.[\/vc_column_text][vc_empty_space height=&#8221;20px&#8221;][vc_column_text css=&#8221;&#8221;]Od 2005 roku projektujemy wn\u0119trza prywatne i komercyjne, \u0142\u0105cz\u0105c do\u015bwiadczenie, kreatywno\u015b\u0107 i dog\u0142\u0119bn\u0105 znajomo\u015b\u0107 proces\u00f3w inwestycyjnych.<\/p>\n<p>&nbsp;<\/p>\n<p><img loading=\"lazy\" decoding=\"async\" class=\"alignnone size-full wp-image-7846\" src=\"http:\/\/maison.edge-themes.com\/wp-content\/uploads\/2017\/04\/p1-img-1.png\" alt=\"f\" width=\"167\" height=\"86\" \/>[\/vc_column_text]\t\t<\/div>\n\t<\/div>\n<\/div><\/div>[vc_empty_space height=&#8221;50px&#8221;][\/vc_column][vc_column offset=&#8221;vc_col-lg-6 vc_col-md-12&#8243;][vc_single_image image=&#8221;7877&#8243; img_size=&#8221;full&#8221; alignment=&#8221;center&#8221;][vc_empty_space height=&#8221;30px&#8221;][\/vc_column][\/vc_row][vc_row gap=&#8221;15&#8243; content_placement=&#8221;middle&#8221; row_content_width=&#8221;grid&#8221; content_text_aligment=&#8221;center&#8221; css=&#8221;.vc_custom_1492509776416{padding-bottom: 47px !important;}&#8221;][vc_column offset=&#8221;vc_col-lg-6 vc_col-md-12&#8243; css=&#8221;.vc_custom_1492510149365{padding-top: 0px !important;padding-bottom: 0px !important;}&#8221;]<div class=\"edgtf-image-gallery  edgtf-ig-grid-type    \">\n\t<div class=\"edgtf-ig-inner edgtf-ig-grid edgtf-ig-two-columns edgtf-ig-big-space\">\n\t\t\t\t\t<div class=\"edgtf-ig-image\">\n\t\t\t\t<div class=\"edgtf-ig-image-inner\">\n\t\t\t\t\t\t\t\t\t\t\t<img loading=\"lazy\" decoding=\"async\" width=\"800\" height=\"800\" src=\"https:\/\/www.limearch.pl\/wp-content\/uploads\/2017\/04\/p1-gallery-img-1.jpg\" class=\"attachment-full size-full\" alt=\"g\" srcset=\"https:\/\/www.limearch.pl\/wp-content\/uploads\/2017\/04\/p1-gallery-img-1.jpg 800w, https:\/\/www.limearch.pl\/wp-content\/uploads\/2017\/04\/p1-gallery-img-1-300x300.jpg 300w, https:\/\/www.limearch.pl\/wp-content\/uploads\/2017\/04\/p1-gallery-img-1-100x100.jpg 100w, https:\/\/www.limearch.pl\/wp-content\/uploads\/2017\/04\/p1-gallery-img-1-600x600.jpg 600w, https:\/\/www.limearch.pl\/wp-content\/uploads\/2017\/04\/p1-gallery-img-1-150x150.jpg 150w, https:\/\/www.limearch.pl\/wp-content\/uploads\/2017\/04\/p1-gallery-img-1-768x768.jpg 768w, https:\/\/www.limearch.pl\/wp-content\/uploads\/2017\/04\/p1-gallery-img-1-550x550.jpg 550w\" sizes=\"auto, (max-width: 800px) 100vw, 800px\" \/>\t\t\t\t\t\t\t\t\t<\/div>\n\t\t\t\t\t\t\t<\/div>\n\t\t\t\t\t<div class=\"edgtf-ig-image\">\n\t\t\t\t<div class=\"edgtf-ig-image-inner\">\n\t\t\t\t\t\t\t\t\t\t\t<img loading=\"lazy\" decoding=\"async\" width=\"800\" height=\"800\" src=\"https:\/\/www.limearch.pl\/wp-content\/uploads\/2017\/04\/p1-gallery-img-2.jpg\" class=\"attachment-full size-full\" alt=\"g\" srcset=\"https:\/\/www.limearch.pl\/wp-content\/uploads\/2017\/04\/p1-gallery-img-2.jpg 800w, https:\/\/www.limearch.pl\/wp-content\/uploads\/2017\/04\/p1-gallery-img-2-300x300.jpg 300w, https:\/\/www.limearch.pl\/wp-content\/uploads\/2017\/04\/p1-gallery-img-2-100x100.jpg 100w, https:\/\/www.limearch.pl\/wp-content\/uploads\/2017\/04\/p1-gallery-img-2-600x600.jpg 600w, https:\/\/www.limearch.pl\/wp-content\/uploads\/2017\/04\/p1-gallery-img-2-150x150.jpg 150w, https:\/\/www.limearch.pl\/wp-content\/uploads\/2017\/04\/p1-gallery-img-2-768x768.jpg 768w, https:\/\/www.limearch.pl\/wp-content\/uploads\/2017\/04\/p1-gallery-img-2-550x550.jpg 550w\" sizes=\"auto, (max-width: 800px) 100vw, 800px\" \/>\t\t\t\t\t\t\t\t\t<\/div>\n\t\t\t\t\t\t\t<\/div>\n\t\t\t<\/div>\n<\/div>[\/vc_column][vc_column offset=&#8221;vc_col-lg-6 vc_col-md-12&#8243; css=&#8221;.vc_custom_1492510167989{padding-top: 0px !important;padding-bottom: 0px !important;}&#8221;]<div class=\"edgtf-image-gallery  edgtf-ig-grid-type    \">\n\t<div class=\"edgtf-ig-inner edgtf-ig-grid edgtf-ig-two-columns edgtf-ig-big-space\">\n\t\t\t\t\t<div class=\"edgtf-ig-image\">\n\t\t\t\t<div class=\"edgtf-ig-image-inner\">\n\t\t\t\t\t\t\t\t\t\t\t<img loading=\"lazy\" decoding=\"async\" width=\"800\" height=\"800\" src=\"https:\/\/www.limearch.pl\/wp-content\/uploads\/2017\/04\/p1-gallery-img-3.jpg\" class=\"attachment-full size-full\" alt=\"g\" srcset=\"https:\/\/www.limearch.pl\/wp-content\/uploads\/2017\/04\/p1-gallery-img-3.jpg 800w, https:\/\/www.limearch.pl\/wp-content\/uploads\/2017\/04\/p1-gallery-img-3-300x300.jpg 300w, https:\/\/www.limearch.pl\/wp-content\/uploads\/2017\/04\/p1-gallery-img-3-100x100.jpg 100w, https:\/\/www.limearch.pl\/wp-content\/uploads\/2017\/04\/p1-gallery-img-3-600x600.jpg 600w, https:\/\/www.limearch.pl\/wp-content\/uploads\/2017\/04\/p1-gallery-img-3-150x150.jpg 150w, https:\/\/www.limearch.pl\/wp-content\/uploads\/2017\/04\/p1-gallery-img-3-768x768.jpg 768w, https:\/\/www.limearch.pl\/wp-content\/uploads\/2017\/04\/p1-gallery-img-3-550x550.jpg 550w\" sizes=\"auto, (max-width: 800px) 100vw, 800px\" \/>\t\t\t\t\t\t\t\t\t<\/div>\n\t\t\t\t\t\t\t<\/div>\n\t\t\t\t\t<div class=\"edgtf-ig-image\">\n\t\t\t\t<div class=\"edgtf-ig-image-inner\">\n\t\t\t\t\t\t\t\t\t\t\t<img loading=\"lazy\" decoding=\"async\" width=\"800\" height=\"800\" src=\"https:\/\/www.limearch.pl\/wp-content\/uploads\/2017\/04\/p1-gallery-img-4.jpg\" class=\"attachment-full size-full\" alt=\"g\" srcset=\"https:\/\/www.limearch.pl\/wp-content\/uploads\/2017\/04\/p1-gallery-img-4.jpg 800w, https:\/\/www.limearch.pl\/wp-content\/uploads\/2017\/04\/p1-gallery-img-4-300x300.jpg 300w, https:\/\/www.limearch.pl\/wp-content\/uploads\/2017\/04\/p1-gallery-img-4-100x100.jpg 100w, https:\/\/www.limearch.pl\/wp-content\/uploads\/2017\/04\/p1-gallery-img-4-600x600.jpg 600w, https:\/\/www.limearch.pl\/wp-content\/uploads\/2017\/04\/p1-gallery-img-4-150x150.jpg 150w, https:\/\/www.limearch.pl\/wp-content\/uploads\/2017\/04\/p1-gallery-img-4-768x768.jpg 768w, https:\/\/www.limearch.pl\/wp-content\/uploads\/2017\/04\/p1-gallery-img-4-550x550.jpg 550w\" sizes=\"auto, (max-width: 800px) 100vw, 800px\" \/>\t\t\t\t\t\t\t\t\t<\/div>\n\t\t\t\t\t\t\t<\/div>\n\t\t\t<\/div>\n<\/div>[\/vc_column][\/vc_row][vc_row row_content_width=&#8221;grid&#8221; css=&#8221;.vc_custom_1492086749234{padding-top: 98px !important;padding-bottom: 41px !important;}&#8221; simple_background_color=&#8221;#f5f5f5&#8243;][vc_column offset=&#8221;vc_col-lg-3 vc_col-md-6&#8243;]<div class=\"edgtf-pie-chart-holder\">\n\t<div class=\"edgtf-pc-percentage\" data-percent=\"100\" data-bar-color=\"#414141\" data-track-color=\"#ffffff\">\n\t\t<span class=\"edgtf-pc-percent\" style=\"color: #414141\">100<\/span>\n\t<\/div>\n\t\t\t<div class=\"edgtf-pc-text-holder\">\n\t\t\t\t\t\t\t<h6 class=\"edgtf-pc-title\" >Koncepcja<\/h6>\n\t\t\t\t\t\t\t\t<\/div>\n\t<\/div>[vc_empty_space height=&#8221;50px&#8221;][\/vc_column][vc_column offset=&#8221;vc_col-lg-3 vc_col-md-6&#8243;]<div class=\"edgtf-pie-chart-holder\">\n\t<div class=\"edgtf-pc-percentage\" data-percent=\"100\" data-bar-color=\"#414141\" data-track-color=\"#ffffff\">\n\t\t<span class=\"edgtf-pc-percent\" style=\"color: #414141\">100<\/span>\n\t<\/div>\n\t\t\t<div class=\"edgtf-pc-text-holder\">\n\t\t\t\t\t\t\t<h6 class=\"edgtf-pc-title\" >Wizualizacje<\/h6>\n\t\t\t\t\t\t\t\t<\/div>\n\t<\/div>[vc_empty_space height=&#8221;50px&#8221;][\/vc_column][vc_column offset=&#8221;vc_col-lg-3 vc_col-md-6&#8243;]<div class=\"edgtf-pie-chart-holder\">\n\t<div class=\"edgtf-pc-percentage\" data-percent=\"100\" data-bar-color=\"#414141\" data-track-color=\"#ffffff\">\n\t\t<span class=\"edgtf-pc-percent\" style=\"color: #414141\">100<\/span>\n\t<\/div>\n\t\t\t<div class=\"edgtf-pc-text-holder\">\n\t\t\t\t\t\t\t<h6 class=\"edgtf-pc-title\" >Dokumentacja<\/h6>\n\t\t\t\t\t\t\t\t<\/div>\n\t<\/div>[vc_empty_space height=&#8221;50px&#8221;][\/vc_column][vc_column offset=&#8221;vc_col-lg-3 vc_col-md-6&#8243;]<div class=\"edgtf-pie-chart-holder\">\n\t<div class=\"edgtf-pc-percentage\" data-percent=\"100\" data-bar-color=\"#414141\" data-track-color=\"#ffffff\">\n\t\t<span class=\"edgtf-pc-percent\" style=\"color: #414141\">100<\/span>\n\t<\/div>\n\t\t\t<div class=\"edgtf-pc-text-holder\">\n\t\t\t\t\t\t\t<h6 class=\"edgtf-pc-title\" >Nadz\u00f3r realizacji<\/h6>\n\t\t\t\t\t\t\t\t<\/div>\n\t<\/div>[vc_empty_space height=&#8221;50px&#8221;][\/vc_column][\/vc_row]<\/p>\n<\/div>","protected":false},"excerpt":{"rendered":"<p>[vc_row gap=&#8221;15&#8243; row_content_width=&#8221;grid&#8221; content_text_aligment=&#8221;left&#8221; css=&#8221;.vc_custom_1492509993885{padding-top: 86px !important;}&#8221;][vc_column offset=&#8221;vc_col-lg-6 vc_col-md-12&#8243;][vc_column_text css=&#8221;&#8221;] Pracownia projektowa [\/vc_column_text][vc_empty_space height=&#8221;10px&#8221;][vc_empty_space height=&#8221;50px&#8221;][\/vc_column][vc_column offset=&#8221;vc_col-lg-6 vc_col-md-12&#8243;][vc_single_image image=&#8221;7877&#8243; img_size=&#8221;full&#8221; alignment=&#8221;center&#8221;][vc_empty_space height=&#8221;30px&#8221;][\/vc_column][\/vc_row][vc_row gap=&#8221;15&#8243; content_placement=&#8221;middle&#8221; row_content_width=&#8221;grid&#8221; content_text_aligment=&#8221;center&#8221; css=&#8221;.vc_custom_1492509776416{padding-bottom: 47px !important;}&#8221;][vc_column offset=&#8221;vc_col-lg-6 vc_col-md-12&#8243; css=&#8221;.vc_custom_1492510149365{padding-top: 0px !important;padding-bottom: 0px !important;}&#8221;][\/vc_column][vc_column offset=&#8221;vc_col-lg-6 vc_col-md-12&#8243; css=&#8221;.vc_custom_1492510167989{padding-top: 0px !important;padding-bottom: [&hellip;]<\/p>\n","protected":false},"author":1,"featured_media":0,"parent":0,"menu_order":0,"comment_status":"closed","ping_status":"closed","template":"full-width.php","meta":{"footnotes":""},"class_list":["post-7824","page","type-page","status-publish","hentry"],"_links":{"self":[{"href":"https:\/\/www.limearch.pl\/index.php\/wp-json\/wp\/v2\/pages\/7824","targetHints":{"allow":["GET"]}}],"collection":[{"href":"https:\/\/www.limearch.pl\/index.php\/wp-json\/wp\/v2\/pages"}],"about":[{"href":"https:\/\/www.limearch.pl\/index.php\/wp-json\/wp\/v2\/types\/page"}],"author":[{"embeddable":true,"href":"https:\/\/www.limearch.pl\/index.php\/wp-json\/wp\/v2\/users\/1"}],"replies":[{"embeddable":true,"href":"https:\/\/www.limearch.pl\/index.php\/wp-json\/wp\/v2\/comments?post=7824"}],"version-history":[{"count":4,"href":"https:\/\/www.limearch.pl\/index.php\/wp-json\/wp\/v2\/pages\/7824\/revisions"}],"predecessor-version":[{"id":10249,"href":"https:\/\/www.limearch.pl\/index.php\/wp-json\/wp\/v2\/pages\/7824\/revisions\/10249"}],"wp:attachment":[{"href":"https:\/\/www.limearch.pl\/index.php\/wp-json\/wp\/v2\/media?parent=7824"}],"curies":[{"name":"wp","href":"https:\/\/api.w.org\/{rel}","templated":true}]}}